{"id":1153,"date":"2021-05-28T19:48:38","date_gmt":"2021-05-28T19:48:38","guid":{"rendered":"http:\/\/arrietamachin.ar\/web\/?page_id=1153"},"modified":"2021-05-28T20:20:05","modified_gmt":"2021-05-28T20:20:05","slug":"quienes-somos","status":"publish","type":"page","link":"https:\/\/arrietamachin.ar\/web\/quienes-somos\/","title":{"rendered":"Quienes Somos"},"content":{"rendered":"\t\t<div data-elementor-type=\"wp-page\" data-elementor-id=\"1153\" class=\"elementor elementor-1153\" data-elementor-settings=\"[]\">\n\t\t\t\t\t\t\t<div class=\"elementor-section-wrap\">\n\t\t\t\t\t\t\t<section class=\"elementor-section elementor-top-section elementor-element elementor-element-3ef5c79 elementor-section-boxed elementor-section-height-default elementor-section-height-default\" data-id=\"3ef5c79\" data-element_type=\"section\">\n\t\t\t\t\t\t<div class=\"elementor-container elementor-column-gap-wide\">\n\t\t\t\t\t<div class=\"elementor-column elementor-col-66 elementor-top-column elementor-element elementor-element-cf6a1b1\" data-id=\"cf6a1b1\" data-element_type=\"column\">\n\t\t\t<div class=\"elementor-widget-wrap elementor-element-populated\">\n\t\t\t\t\t\t\t\t<div class=\"elementor-element elementor-element-240f161 elementor-widget elementor-widget-text-editor\" data-id=\"240f161\" data-element_type=\"widget\" data-widget_type=\"text-editor.default\">\n\t\t\t\t<div class=\"elementor-widget-container\">\n\t\t\t\t\t\t\t\t<p style=\"font-weight: 400;\"><strong>Inmobiliaria Arrieta Machin<\/strong>\u00a0es una empresa familiar l\u00edder en nuestra ciudad.<\/p><p style=\"font-weight: 400;\">Brindamos asesoramiento para realizar inversiones y comprar, vender o alquilar mejor su propiedad.<\/p><p style=\"font-weight: 400;\">Nuestra firme convicci\u00f3n es brindar un servicio integral mediante la atenci\u00f3n personalizada, garantizando seguridad, rentabilidad y liquidez en las operaciones inmobiliarias con el profesionalismo, discreci\u00f3n y seriedad que siempre nos caracterizaron.<\/p><p style=\"font-weight: 400;\"><strong>La satisfacci\u00f3n de nuestro cliente es y ser\u00e1 siempre nuestro mayor compromiso.<\/strong><\/p><p style=\"font-weight: 400;\">\u00a0<\/p><p style=\"font-weight: 400;\"><strong>NUESTRA HISTORIA<\/strong><\/p><p style=\"font-weight: 400;\">La fundaci\u00f3n de la inmobiliaria data del a\u00f1o 1937, con la llegada de\u00a0<strong>Enrique Entenza Otero<\/strong>\u00a0a San Clemente. Mis comienzos en el rubro fueron en el a\u00f1o 1989 como vendedor de una importante empresa inmobiliaria con sucursales en todo el Partido de la Costa.<\/p><p style=\"font-weight: 400;\">En 1991 me asocio a la firma Otero Propiedades con el Sr Aurelio G. Franconi, a quien le debo en gran parte mi amor a la profesi\u00f3n, ya que con su ejemplo de seriedad y responsabilidad me marcaron el camino a seguir.<\/p><p style=\"font-weight: 400;\">Es as\u00ed que me recibo de Martillero Judicial y Corredor Publico Nacional, y paso a ser el \u00fanico titular de la\u00a0<strong>Inmobiliaria Otero Propiedades<\/strong>.<\/p><p style=\"font-weight: 400;\">El pasar de los a\u00f1os y el advenimiento de la carrera universitaria para la obtenci\u00f3n del titulo profesional hace que, con la modificaci\u00f3n de nuestra Ley nacional, debamos actuar bajo nombre propio, naciendo as\u00ed\u00a0<strong>Inmobiliaria Arrieta Machin<\/strong>, establecida en nuestro propio local de calle 2 esquina Costanera.<\/p><p style=\"font-weight: 400;\">Acompa\u00f1ando el crecimiento de la localidad y para poder estar aun mas cerca de nuestros clientes, esta empresa familiar proyecto y construyo \u00a0su \u00a0Sucursal sobre Av. III N\u00b0 3211 entre 71 y Av. Talas del Tuyu, en el barrio El Tala, zona de expansi\u00f3n y progreso continuo.<\/p><p style=\"font-weight: 400;\">Asimismo, es necesario realizar continuas capacitaciones para estar actualizado, por tal motivo participamos activamente en entidades relativas al ejercicio de la profesi\u00f3n, integrando el Centro de Martilleros y Corredores P\u00fablicos del Partido de la Costa, ocupe \u00a0los cargos de\u00a0 Vicepresidente y Presidente,\u00a0 conforme tambi\u00e9n el Consejo Directivo del Colegio de Martilleros y Corredores P\u00fablicos del departamento Judicial de Dolores,\u00a0 siendo miembro actualmente del Honorable Tribunal de Disciplina, desempe\u00f1\u00e1ndome como Secretario.<\/p><p style=\"font-weight: 400;\">\u00a0<\/p><p style=\"font-weight: 400;\"><strong>Edgard Mario Arrieta Machin<\/strong><\/p><p style=\"font-weight: 400;\">Martillero y Corredor Publico Nacional<\/p><p style=\"font-weight: 400;\">Col N\u00ba 908 L\u00ba III F\u00ba 159<\/p><p style=\"font-weight: 400;\">Departamento Judicial Dolores<\/p>\t\t\t\t\t\t<\/div>\n\t\t\t\t<\/div>\n\t\t\t\t\t<\/div>\n\t\t<\/div>\n\t\t\t\t<div class=\"elementor-column elementor-col-33 elementor-top-column elementor-element elementor-element-e26cc82\" data-id=\"e26cc82\" data-element_type=\"column\">\n\t\t\t<div class=\"elementor-widget-wrap elementor-element-populated\">\n\t\t\t\t\t\t\t\t<div class=\"elementor-element elementor-element-8cb4709 elementor-widget elementor-widget-image\" data-id=\"8cb4709\" data-element_type=\"widget\" data-widget_type=\"image.default\">\n\t\t\t\t<div class=\"elementor-widget-container\">\n\t\t\t\t\t\t\t\t\t\t\t\t\t\t\t<img loading=\"lazy\" decoding=\"async\" width=\"512\" height=\"341\" src=\"https:\/\/arrietamachin.ar\/web\/wp-content\/uploads\/2021\/05\/real-estate.jpg\" class=\"attachment-large size-large\" alt=\"\" srcset=\"https:\/\/arrietamachin.ar\/web\/wp-content\/uploads\/2021\/05\/real-estate.jpg 512w, https:\/\/arrietamachin.ar\/web\/wp-content\/uploads\/2021\/05\/real-estate-300x200.jpg 300w, https:\/\/arrietamachin.ar\/web\/wp-content\/uploads\/2021\/05\/real-estate-150x100.jpg 150w, https:\/\/arrietamachin.ar\/web\/wp-content\/uploads\/2021\/05\/real-estate-488x326.jpg 488w\" sizes=\"auto, (max-width: 512px) 100vw, 512px\" \/>\t\t\t\t\t\t\t\t\t\t\t\t\t\t\t<\/div>\n\t\t\t\t<\/div>\n\t\t\t\t<div class=\"elementor-element elementor-element-71d018b elementor-widget elementor-widget-text-editor\" data-id=\"71d018b\" data-element_type=\"widget\" data-widget_type=\"text-editor.default\">\n\t\t\t\t<div class=\"elementor-widget-container\">\n\t\t\t\t\t\t\t\t<ul><li><span style=\"color: #757575;\"><strong>Ventas<\/strong><\/span><\/li><li><span style=\"color: #757575;\"><strong>Alquileres<\/strong><\/span><\/li><li><span style=\"color: #757575;\"><strong>Tasaciones\u00a0<\/strong><\/span><\/li><li><span style=\"color: #757575;\"><strong>Administraci\u00f3n de Consorcios<\/strong><\/span><\/li><li><span style=\"color: #757575;\"><b>Asesoramiento Integral Inmobiliario<\/b><\/span><\/li><li><span style=\"color: #757575;\"><b>Remates Particulares y Judiciales<\/b><\/span><\/li><\/ul>\t\t\t\t\t\t<\/div>\n\t\t\t\t<\/div>\n\t\t\t\t\t<\/div>\n\t\t<\/div>\n\t\t\t\t\t\t\t<\/div>\n\t\t<\/section>\n\t\t\t\t\t\t<\/div>\n\t\t\t\t\t<\/div>\n\t\t","protected":false},"excerpt":{"rendered":"<p>Inmobiliaria Arrieta Machin\u00a0es una empresa familiar l\u00edder en nuestra ciudad. Brindamos asesoramiento para realizar inversiones y comprar, vender o alquilar mejor su propiedad. Nuestra firme convicci\u00f3n es brindar un servicio integral mediante la atenci\u00f3n personalizada, garantizando seguridad, rentabilidad y liquidez en las operaciones inmobiliarias con el profesionalismo, discreci\u00f3n y seriedad que siempre nos caracterizaron. La&#8230;<\/p>\n","protected":false},"author":2,"featured_media":0,"parent":0,"menu_order":0,"comment_status":"closed","ping_status":"closed","template":"templates\/full-width.php","meta":{"footnotes":""},"class_list":["post-1153","page","type-page","status-publish","hentry"],"_links":{"self":[{"href":"https:\/\/arrietamachin.ar\/web\/wp-json\/wp\/v2\/pages\/1153","targetHints":{"allow":["GET"]}}],"collection":[{"href":"https:\/\/arrietamachin.ar\/web\/wp-json\/wp\/v2\/pages"}],"about":[{"href":"https:\/\/arrietamachin.ar\/web\/wp-json\/wp\/v2\/types\/page"}],"author":[{"embeddable":true,"href":"https:\/\/arrietamachin.ar\/web\/wp-json\/wp\/v2\/users\/2"}],"replies":[{"embeddable":true,"href":"https:\/\/arrietamachin.ar\/web\/wp-json\/wp\/v2\/comments?post=1153"}],"version-history":[{"count":45,"href":"https:\/\/arrietamachin.ar\/web\/wp-json\/wp\/v2\/pages\/1153\/revisions"}],"predecessor-version":[{"id":1234,"href":"https:\/\/arrietamachin.ar\/web\/wp-json\/wp\/v2\/pages\/1153\/revisions\/1234"}],"wp:attachment":[{"href":"https:\/\/arrietamachin.ar\/web\/wp-json\/wp\/v2\/media?parent=1153"}],"curies":[{"name":"wp","href":"https:\/\/api.w.org\/{rel}","templated":true}]}}